{"id":9,"date":"2021-11-10T15:11:19","date_gmt":"2021-11-10T14:11:19","guid":{"rendered":"http:\/\/www.chanteau-autrement.fr\/?page_id=9"},"modified":"2021-11-10T15:19:09","modified_gmt":"2021-11-10T14:19:09","slug":"a-propos-de","status":"publish","type":"page","link":"https:\/\/www.activelec45.fr\/","title":{"rendered":"\u00c0 propos"},"content":{"rendered":"\n<p>Ici la pr\u00e9sentation de Eric bouvelle, son palmar\u00e8s et \u00e9galement la liste des musiciens avec des photos de studio et du recording<\/p>\n","protected":false},"excerpt":{"rendered":"<p>Ici la pr\u00e9sentation de Eric bouvelle, son palmar\u00e8s et \u00e9galement la liste des musiciens avec des photos de studio et du recording<\/p>\n","protected":false},"author":2,"featured_media":0,"parent":0,"menu_order":0,"comment_status":"closed","ping_status":"closed","template":"","meta":[],"_links":{"self":[{"href":"https:\/\/www.activelec45.fr\/index.php?rest_route=\/wp\/v2\/pages\/9"}],"collection":[{"href":"https:\/\/www.activelec45.fr\/index.php?rest_route=\/wp\/v2\/pages"}],"about":[{"href":"https:\/\/www.activelec45.fr\/index.php?rest_route=\/wp\/v2\/types\/page"}],"author":[{"embeddable":true,"href":"https:\/\/www.activelec45.fr\/index.php?rest_route=\/wp\/v2\/users\/2"}],"replies":[{"embeddable":true,"href":"https:\/\/www.activelec45.fr\/index.php?rest_route=%2Fwp%2Fv2%2Fcomments&post=9"}],"version-history":[{"count":3,"href":"https:\/\/www.activelec45.fr\/index.php?rest_route=\/wp\/v2\/pages\/9\/revisions"}],"predecessor-version":[{"id":45,"href":"https:\/\/www.activelec45.fr\/index.php?rest_route=\/wp\/v2\/pages\/9\/revisions\/45"}],"wp:attachment":[{"href":"https:\/\/www.activelec45.fr\/index.php?rest_route=%2Fwp%2Fv2%2Fmedia&parent=9"}],"curies":[{"name":"wp","href":"https:\/\/api.w.org\/{rel}","templated":true}]}}